{"id":27,"date":"2023-01-03T21:54:22","date_gmt":"2023-01-03T21:54:22","guid":{"rendered":"https:\/\/www.symposium-managementpublic.com\/?page_id=27"},"modified":"2024-03-14T15:58:20","modified_gmt":"2024-03-14T15:58:20","slug":"adimap","status":"publish","type":"page","link":"https:\/\/www.symposium-managementpublic.com\/en\/symposium-2023-2024\/adimap\/","title":{"rendered":"ADIMAP 2023-2024"},"content":{"rendered":"<div class=\"headline\">\n<h2>Objectifs de l&#8217;ADIMAP<\/h2>\n<\/div>\n<p>Soutenir les efforts d\u00e9ploy\u00e9s par des doctorants et post-doctorants d\u2019expression fran\u00e7aise durant les phases de formulation, communication et publication scientifique de leurs projets de recherche.<\/p>\n<div class=\"headline\">\n<h2>Objectifs sp\u00e9cifiques<\/h2>\n<\/div>\n<ul>\n<li>Encourager des doctorants et post-doctorants \u00e0 soumettre leurs r\u00e9sultats de recherche \u00e0 l\u2019\u00e9preuve de la validation externe ;<\/li>\n<li>Aider les jeunes chercheurs aspirant \u00e0 une carri\u00e8re universitaire, notamment des doctorants et post-doctorants, \u00e0 se b\u00e2tir un r\u00e9seau international d\u2019enseignants-chercheurs en Management et Strat\u00e9gie des organisations publiques ;<\/li>\n<li>Am\u00e9liorer la visibilit\u00e9 \u00e0 l\u2019\u00e9chelle internationale de travaux de jeunes chercheurs en langue fran\u00e7aise.<\/li>\n<\/ul>\n<div class=\"headline\">\n<h2>Les projets doctoraux et post-doctoraux destin\u00e9s \u00e0 l&#8217;ADIMAP<\/h2>\n<\/div>\n<p><strong>Processus et crit\u00e8res de s\u00e9lection<\/strong><\/p>\n<p>L\u2019atelier doctoral ayant \u00e9t\u00e9 report\u00e9 au 18 mai 2022, nous vous invitons \u00e0 y soumettre vos intentions de communication pour\u00a0le 15 f\u00e9vrier 2022.<\/p>\n<p>Nous vous rappelons que les travaux dans le cadre de l\u2019ADIMAP*\u00a0ne traitent pas forc\u00e9ment de la th\u00e9matique retenue pour le Symposium \u00e0 savoir la durabilit\u00e9. Autrement dit, tout projet doctoral ou postdoctoral de recherche originale d\u00e9di\u00e9e\u00a0au Management et \u00e0 la Strat\u00e9gie des organisations publiques peut \u00eatre soumis aux organisateurs. \u00a0La s\u00e9lection des projets sera faite par les experts des comit\u00e9s scientifiques permanent et restreint. Chaque projet de recherche fait\u00a0l\u2019objet d\u2019un examen critique par les membres du conseil scientifique permanent du Symposium et de l\u2019ADIMAP dans le but de permettre \u00e0 son auteur de recueillir des avis constructifs, pertinents ainsi que des suggestions de pistes d\u2019am\u00e9lioration.\u00a0Lors de l\u2019atelier, les pr\u00e9sentations feront de la m\u00eame fa\u00e7on l\u2019objet d\u2019une discussion approfondie avec ces experts.<\/p>\n<ul>\n<li>Pertinence du projet<\/li>\n<li>Clart\u00e9 de la probl\u00e9matique<\/li>\n<li>Convenance du cadre conceptuel<\/li>\n<li>Qualit\u00e9 des r\u00e9f\u00e9rences bibliographiques<\/li>\n<li>Compatibilit\u00e9 des choix m\u00e9thodologiques et \u00e9pist\u00e9mologiques<\/li>\n<li>Qualit\u00e9 des discussions faites des r\u00e9sultats<\/li>\n<li>Qualit\u00e9 des apports \u00e0 la recherche sur le sujet<\/li>\n<li>Qualit\u00e9 des apports (potentiels) \u00e0 la connaissance existante<\/li>\n<li>Style de r\u00e9daction<\/li>\n<\/ul>\n<p><strong>Dates importantes<\/strong><\/p>\n<ul>\n<li>Soumission des intentions de communication : 15 f\u00e9vrier 2022 sur EasyChair<\/li>\n<li>Avis du comit\u00e9 de s\u00e9lection communiqu\u00e9 aux doctorants et post-doctorants : 08 mars 2022<\/li>\n<li>Envoi de la version finale des communications : 19 avril 2022<\/li>\n<li>Date de l\u2019ADIMAP : 18 mai 2022 (en ligne)<\/li>\n<\/ul>\n<p><strong>*L\u2019ADIMAP est r\u00e9serv\u00e9 aux doctorants et post-doctorants.<\/strong><\/p>\n<div class=\"headline\">\n<h2>Remise de prix par l&#8217;Agence Universitaire de la Francophonie<\/h2>\n<\/div>\n<p>Il est \u00e0 noter que le partenaire de l\u2019ADIMAP 2021-22,\u00a0<a href=\"https:\/\/can01.safelinks.protection.outlook.com\/?url=https%3A%2F%2Fwww.auf.org%2F&amp;data=04%7C01%7CBachir.Mazouz%40enap.ca%7C21e8ba7e39f249a0c33d08d9536c8353%7C746bedaa22cb4b398b36961daf64a547%7C0%7C0%7C637632547792487847%7CUnknown%7CTWFpbGZsb3d8eyJWIjoiMC4wLjAwMDAiLCJQIjoiV2luMzIiLCJBTiI6Ik1haWwiLCJXVCI6Mn0%3D%7C1000&amp;sdata=SaN2psboCn966vtCmPGXt1QgXIO%2BcAp8BdBC7gt2EFg%3D&amp;reserved=0\">l\u2019Agence Universitaire de la Francophonie<\/a>, en tant que promoteur de l\u2019excellence de la recherche dans le monde francophone, remettra un prix au doctorant\/\u00e0 la doctorante dont les travaux se seront distingu\u00e9s par leurs qualit\u00e9s lors de l\u2019\u00e9valuation par les experts des comit\u00e9s scientifiques. De plus, l\u2019AUF mettra en valeur le travail du doctorant\/de la doctorante lors d\u2019une interview qui sera diffus\u00e9e aupr\u00e8s de son r\u00e9seau. Une belle opportunit\u00e9 de valorisation et de reconnaissance\u00a0de travaux doctoraux consacr\u00e9s \u00e0 des probl\u00e9matiques publiques!<\/p>\n<p><strong>Pour toute question concernant votre soumission, vous pouvez contacter\u00a0:<\/strong><\/p>\n","protected":false},"excerpt":{"rendered":"<p>Objectifs de l&#8217;ADIMAP Soutenir les efforts d\u00e9ploy\u00e9s par des doctorants et post-doctorants d\u2019expression fran\u00e7aise durant les phases de formulation, communication et publication scientifique de leurs projets de recherche. Objectifs sp\u00e9cifiques Encourager des doctorants et post-doctorants \u00e0 soumettre leurs r\u00e9sultats de recherche \u00e0 l\u2019\u00e9preuve de la validation externe ; Aider les jeunes chercheurs aspirant \u00e0 une [&hellip;]<\/p>\n","protected":false},"author":1,"featured_media":478,"parent":584,"menu_order":20,"comment_status":"closed","ping_status":"closed","template":"","meta":{"_acf_changed":false,"inline_featured_image":false,"footnotes":""},"class_list":["post-27","page","type-page","status-publish","has-post-thumbnail","hentry"],"acf":[],"yoast_head":"<!-- This site is optimized with the Yoast SEO plugin v27.4 - https:\/\/yoast.com\/product\/yoast-seo-wordpress\/ -->\n<title>ADIMAP 2023-2024 | Symposium<\/title>\n<meta name=\"robots\" content=\"index, follow, max-snippet:-1, max-image-preview:large, max-video-preview:-1\" \/>\n<link rel=\"canonical\" href=\"https:\/\/www.symposium-managementpublic.com\/en\/symposium-2023-2024\/adimap\/\" \/>\n<meta name=\"twitter:card\" content=\"summary_large_image\" \/>\n<meta name=\"twitter:title\" content=\"ADIMAP 2023-2024 | Symposium\" \/>\n<meta name=\"twitter:description\" content=\"Objectifs de l&#8217;ADIMAP Soutenir les efforts d\u00e9ploy\u00e9s par des doctorants et post-doctorants d\u2019expression fran\u00e7aise durant les phases de formulation, communication et publication scientifique de leurs projets de recherche. Objectifs sp\u00e9cifiques Encourager des doctorants et post-doctorants \u00e0 soumettre leurs r\u00e9sultats de recherche \u00e0 l\u2019\u00e9preuve de la validation externe ; Aider les jeunes chercheurs aspirant \u00e0 une [&hellip;]\" \/>\n<meta name=\"twitter:image\" content=\"https:\/\/www.symposium-managementpublic.com\/wp-content\/uploads\/2023\/06\/Adimap_300x250px_v1-2.jpg\" \/>\n<script type=\"application\/ld+json\" class=\"yoast-schema-graph\">{\"@context\":\"https:\\\/\\\/schema.org\",\"@graph\":[{\"@type\":\"WebPage\",\"@id\":\"https:\\\/\\\/www.symposium-managementpublic.com\\\/en\\\/symposium-2023-2024\\\/adimap\\\/\",\"url\":\"https:\\\/\\\/www.symposium-managementpublic.com\\\/en\\\/symposium-2023-2024\\\/adimap\\\/\",\"name\":\"ADIMAP 2023-2024 | Symposium\",\"isPartOf\":{\"@id\":\"https:\\\/\\\/www.symposium-managementpublic.com\\\/en\\\/#website\"},\"primaryImageOfPage\":{\"@id\":\"https:\\\/\\\/www.symposium-managementpublic.com\\\/en\\\/symposium-2023-2024\\\/adimap\\\/#primaryimage\"},\"image\":{\"@id\":\"https:\\\/\\\/www.symposium-managementpublic.com\\\/en\\\/symposium-2023-2024\\\/adimap\\\/#primaryimage\"},\"thumbnailUrl\":\"https:\\\/\\\/www.symposium-managementpublic.com\\\/wp-content\\\/uploads\\\/2023\\\/06\\\/Adimap_300x250px_v1-2.jpg\",\"datePublished\":\"2023-01-03T21:54:22+00:00\",\"dateModified\":\"2024-03-14T15:58:20+00:00\",\"breadcrumb\":{\"@id\":\"https:\\\/\\\/www.symposium-managementpublic.com\\\/en\\\/symposium-2023-2024\\\/adimap\\\/#breadcrumb\"},\"inLanguage\":\"en-US\",\"potentialAction\":[{\"@type\":\"ReadAction\",\"target\":[\"https:\\\/\\\/www.symposium-managementpublic.com\\\/en\\\/symposium-2023-2024\\\/adimap\\\/\"]}]},{\"@type\":\"ImageObject\",\"inLanguage\":\"en-US\",\"@id\":\"https:\\\/\\\/www.symposium-managementpublic.com\\\/en\\\/symposium-2023-2024\\\/adimap\\\/#primaryimage\",\"url\":\"https:\\\/\\\/www.symposium-managementpublic.com\\\/wp-content\\\/uploads\\\/2023\\\/06\\\/Adimap_300x250px_v1-2.jpg\",\"contentUrl\":\"https:\\\/\\\/www.symposium-managementpublic.com\\\/wp-content\\\/uploads\\\/2023\\\/06\\\/Adimap_300x250px_v1-2.jpg\",\"width\":289,\"height\":62},{\"@type\":\"BreadcrumbList\",\"@id\":\"https:\\\/\\\/www.symposium-managementpublic.com\\\/en\\\/symposium-2023-2024\\\/adimap\\\/#breadcrumb\",\"itemListElement\":[{\"@type\":\"ListItem\",\"position\":1,\"name\":\"Home\",\"item\":\"https:\\\/\\\/www.symposium-managementpublic.com\\\/en\\\/\"},{\"@type\":\"ListItem\",\"position\":2,\"name\":\"Symposium 2023-2024\",\"item\":\"https:\\\/\\\/www.symposium-managementpublic.com\\\/en\\\/symposium-2023-2024\\\/\"},{\"@type\":\"ListItem\",\"position\":3,\"name\":\"ADIMAP 2023-2024\"}]},{\"@type\":\"WebSite\",\"@id\":\"https:\\\/\\\/www.symposium-managementpublic.com\\\/en\\\/#website\",\"url\":\"https:\\\/\\\/www.symposium-managementpublic.com\\\/en\\\/\",\"name\":\"Symposium\",\"description\":\"\",\"publisher\":{\"@id\":\"https:\\\/\\\/www.symposium-managementpublic.com\\\/en\\\/#organization\"},\"potentialAction\":[{\"@type\":\"SearchAction\",\"target\":{\"@type\":\"EntryPoint\",\"urlTemplate\":\"https:\\\/\\\/www.symposium-managementpublic.com\\\/en\\\/?s={search_term_string}\"},\"query-input\":{\"@type\":\"PropertyValueSpecification\",\"valueRequired\":true,\"valueName\":\"search_term_string\"}}],\"inLanguage\":\"en-US\"},{\"@type\":\"Organization\",\"@id\":\"https:\\\/\\\/www.symposium-managementpublic.com\\\/en\\\/#organization\",\"name\":\"Symposium\",\"url\":\"https:\\\/\\\/www.symposium-managementpublic.com\\\/en\\\/\",\"logo\":{\"@type\":\"ImageObject\",\"inLanguage\":\"en-US\",\"@id\":\"https:\\\/\\\/www.symposium-managementpublic.com\\\/en\\\/#\\\/schema\\\/logo\\\/image\\\/\",\"url\":\"https:\\\/\\\/www.symposium-managementpublic.com\\\/wp-content\\\/uploads\\\/2023\\\/05\\\/cropped-cropped-ImageLogoENAP.jpg\",\"contentUrl\":\"https:\\\/\\\/www.symposium-managementpublic.com\\\/wp-content\\\/uploads\\\/2023\\\/05\\\/cropped-cropped-ImageLogoENAP.jpg\",\"width\":408,\"height\":83,\"caption\":\"Symposium \"},\"image\":{\"@id\":\"https:\\\/\\\/www.symposium-managementpublic.com\\\/en\\\/#\\\/schema\\\/logo\\\/image\\\/\"}}]}<\/script>\n<!-- \/ Yoast SEO plugin. -->","yoast_head_json":{"title":"ADIMAP 2023-2024 | Symposium","robots":{"index":"index","follow":"follow","max-snippet":"max-snippet:-1","max-image-preview":"max-image-preview:large","max-video-preview":"max-video-preview:-1"},"canonical":"https:\/\/www.symposium-managementpublic.com\/en\/symposium-2023-2024\/adimap\/","twitter_card":"summary_large_image","twitter_title":"ADIMAP 2023-2024 | Symposium","twitter_description":"Objectifs de l&#8217;ADIMAP Soutenir les efforts d\u00e9ploy\u00e9s par des doctorants et post-doctorants d\u2019expression fran\u00e7aise durant les phases de formulation, communication et publication scientifique de leurs projets de recherche. Objectifs sp\u00e9cifiques Encourager des doctorants et post-doctorants \u00e0 soumettre leurs r\u00e9sultats de recherche \u00e0 l\u2019\u00e9preuve de la validation externe ; Aider les jeunes chercheurs aspirant \u00e0 une [&hellip;]","twitter_image":"https:\/\/www.symposium-managementpublic.com\/wp-content\/uploads\/2023\/06\/Adimap_300x250px_v1-2.jpg","schema":{"@context":"https:\/\/schema.org","@graph":[{"@type":"WebPage","@id":"https:\/\/www.symposium-managementpublic.com\/en\/symposium-2023-2024\/adimap\/","url":"https:\/\/www.symposium-managementpublic.com\/en\/symposium-2023-2024\/adimap\/","name":"ADIMAP 2023-2024 | Symposium","isPartOf":{"@id":"https:\/\/www.symposium-managementpublic.com\/en\/#website"},"primaryImageOfPage":{"@id":"https:\/\/www.symposium-managementpublic.com\/en\/symposium-2023-2024\/adimap\/#primaryimage"},"image":{"@id":"https:\/\/www.symposium-managementpublic.com\/en\/symposium-2023-2024\/adimap\/#primaryimage"},"thumbnailUrl":"https:\/\/www.symposium-managementpublic.com\/wp-content\/uploads\/2023\/06\/Adimap_300x250px_v1-2.jpg","datePublished":"2023-01-03T21:54:22+00:00","dateModified":"2024-03-14T15:58:20+00:00","breadcrumb":{"@id":"https:\/\/www.symposium-managementpublic.com\/en\/symposium-2023-2024\/adimap\/#breadcrumb"},"inLanguage":"en-US","potentialAction":[{"@type":"ReadAction","target":["https:\/\/www.symposium-managementpublic.com\/en\/symposium-2023-2024\/adimap\/"]}]},{"@type":"ImageObject","inLanguage":"en-US","@id":"https:\/\/www.symposium-managementpublic.com\/en\/symposium-2023-2024\/adimap\/#primaryimage","url":"https:\/\/www.symposium-managementpublic.com\/wp-content\/uploads\/2023\/06\/Adimap_300x250px_v1-2.jpg","contentUrl":"https:\/\/www.symposium-managementpublic.com\/wp-content\/uploads\/2023\/06\/Adimap_300x250px_v1-2.jpg","width":289,"height":62},{"@type":"BreadcrumbList","@id":"https:\/\/www.symposium-managementpublic.com\/en\/symposium-2023-2024\/adimap\/#breadcrumb","itemListElement":[{"@type":"ListItem","position":1,"name":"Home","item":"https:\/\/www.symposium-managementpublic.com\/en\/"},{"@type":"ListItem","position":2,"name":"Symposium 2023-2024","item":"https:\/\/www.symposium-managementpublic.com\/en\/symposium-2023-2024\/"},{"@type":"ListItem","position":3,"name":"ADIMAP 2023-2024"}]},{"@type":"WebSite","@id":"https:\/\/www.symposium-managementpublic.com\/en\/#website","url":"https:\/\/www.symposium-managementpublic.com\/en\/","name":"Symposium","description":"","publisher":{"@id":"https:\/\/www.symposium-managementpublic.com\/en\/#organization"},"potentialAction":[{"@type":"SearchAction","target":{"@type":"EntryPoint","urlTemplate":"https:\/\/www.symposium-managementpublic.com\/en\/?s={search_term_string}"},"query-input":{"@type":"PropertyValueSpecification","valueRequired":true,"valueName":"search_term_string"}}],"inLanguage":"en-US"},{"@type":"Organization","@id":"https:\/\/www.symposium-managementpublic.com\/en\/#organization","name":"Symposium","url":"https:\/\/www.symposium-managementpublic.com\/en\/","logo":{"@type":"ImageObject","inLanguage":"en-US","@id":"https:\/\/www.symposium-managementpublic.com\/en\/#\/schema\/logo\/image\/","url":"https:\/\/www.symposium-managementpublic.com\/wp-content\/uploads\/2023\/05\/cropped-cropped-ImageLogoENAP.jpg","contentUrl":"https:\/\/www.symposium-managementpublic.com\/wp-content\/uploads\/2023\/05\/cropped-cropped-ImageLogoENAP.jpg","width":408,"height":83,"caption":"Symposium "},"image":{"@id":"https:\/\/www.symposium-managementpublic.com\/en\/#\/schema\/logo\/image\/"}}]}},"_links":{"self":[{"href":"https:\/\/www.symposium-managementpublic.com\/en\/wp-json\/wp\/v2\/pages\/27","targetHints":{"allow":["GET"]}}],"collection":[{"href":"https:\/\/www.symposium-managementpublic.com\/en\/wp-json\/wp\/v2\/pages"}],"about":[{"href":"https:\/\/www.symposium-managementpublic.com\/en\/wp-json\/wp\/v2\/types\/page"}],"author":[{"embeddable":true,"href":"https:\/\/www.symposium-managementpublic.com\/en\/wp-json\/wp\/v2\/users\/1"}],"replies":[{"embeddable":true,"href":"https:\/\/www.symposium-managementpublic.com\/en\/wp-json\/wp\/v2\/comments?post=27"}],"version-history":[{"count":6,"href":"https:\/\/www.symposium-managementpublic.com\/en\/wp-json\/wp\/v2\/pages\/27\/revisions"}],"predecessor-version":[{"id":595,"href":"https:\/\/www.symposium-managementpublic.com\/en\/wp-json\/wp\/v2\/pages\/27\/revisions\/595"}],"up":[{"embeddable":true,"href":"https:\/\/www.symposium-managementpublic.com\/en\/wp-json\/wp\/v2\/pages\/584"}],"wp:featuredmedia":[{"embeddable":true,"href":"https:\/\/www.symposium-managementpublic.com\/en\/wp-json\/wp\/v2\/media\/478"}],"wp:attachment":[{"href":"https:\/\/www.symposium-managementpublic.com\/en\/wp-json\/wp\/v2\/media?parent=27"}],"curies":[{"name":"wp","href":"https:\/\/api.w.org\/{rel}","templated":true}]}}