{"id":19,"date":"2023-01-03T21:52:01","date_gmt":"2023-01-03T21:52:01","guid":{"rendered":"https:\/\/www.symposium-managementpublic.com\/?page_id=19"},"modified":"2024-03-13T20:38:04","modified_gmt":"2024-03-13T20:38:04","slug":"past-editions","status":"publish","type":"page","link":"https:\/\/www.symposium-managementpublic.com\/en\/about\/past-editions\/","title":{"rendered":"Past Editions"},"content":{"rendered":"<p><strong>A direct access to each past edition of the international symposium is available in this section.<\/strong><\/p>\n<div class=\"headline\">\n<h2>Edition 2020, Institut Sup\u00e9rieur de Commerce et d\u2019Administration des Entreprises de Rabat (Maroc) &#8211; 3 et 4 juin 2021<\/h2>\n<\/div>\n<p>\u00ab Effets des r\u00e9formes administratives engag\u00e9es depuis 1976 sur la gouvernance des organisations de l\u2019\u00c9tat \u00bb.<\/p>\n<p>Institut Sup\u00e9rieur de Commerce et d\u2019Administration des Entreprises de Rabat (<a href=\"https:\/\/www.groupeiscae.ma\/\">ISCAE<\/a>, Maroc)<\/p>\n<p>Vu le contexte de la crise sanitaire li\u00e9e au Covid 19, l&#8217;\u00e9v\u00e8nement a eu lieu en mode distanciel. Nous vous invitons \u00e0 visionner les enregistrements des pr\u00e9sentations en ligne via <a href=\"https:\/\/www.symposium-managementpublic.com\/symposium-2020\/\">les liens disponibles sur cette page<\/a>.<\/p>\n<div class=\"headline\">\n<h2>Edition 2019, Luxembourg Institute of Socio-Economic Research (LISER) and Luxembourg Institute of Science and Technology (LIST) (Luxembourg) &#8211; 5 au 6 mars 2019<\/h2>\n<\/div>\n<p>&#8220;The emergence of the Smart City: stakes, challenges, practices and impacts for public governance&#8221; \/ &#8220;L&#8217;av\u00e8nement de la ville intelligente &#8211;\u00a0Enjeux, d\u00e9fis, pratiques et impacts sur la gouvernance publique&#8221;<\/p>\n<p>Luxembourg Institute of Socio-Economic Research (<a href=\"https:\/\/www.liser.lu\/\">LISER<\/a>) and Luxembourg Institute of Science and Technology (<a href=\"https:\/\/www.list.lu\/\">LIST<\/a>) (Luxembourg)<\/p>\n<p><a href=\"https:\/\/www.symposium-managementpublic.com\/symposium-2019\/\">Pr\u00e9sentations du Symposium 2019<\/a><\/p>\n<h2>Edition 2018, ESSECT Tunis (Tunisie), les 1er et 2 mars 2018<\/h2>\n<p>\u00ab\u00a0la gestion de la participation citoyenne \u00e0 l&#8217;\u00e9laboration et \u00e0 la mise en oeuvre des d\u00e9cisions dans les administrations et les organisations de l&#8217;Etat\u00a0\u00bb<\/p>\n<p>ESSECT, Tunis<\/p>\n<p>Site Web du Symposium 2018<\/p>\n<h2>Edition 2016-2017, Universit\u00e9 Paris II Panth\u00e9on-Assas Paris (France), les 23 et 24 f\u00e9vrier 2017<\/h2>\n<p>\u00ab Nouvelles R\u00e9alit\u00e9s Humaines des administrations et organisations publiques \u00bb<\/p>\n<p>Symposium 2017 Presentations<\/p>\n<h2>\u00c9dition 2015, ISEM et INSET Montpellier (France), les 26 et 27 novembre 2015<\/h2>\n<p>\u00ab Regards crois\u00e9s sur les transformations de la gestion et des organisations publiques \u00bb<\/p>\n<p>Publications scientifiques s\u00e9lectionn\u00e9es des travaux pr\u00e9sent\u00e9s au Symposium : <a href=\"https:\/\/fcs.revues.org\/\">Finance, comptabilit\u00e9, Strat\u00e9gie<\/a> (d\u00e8s l\u2019Automne 2016)<\/p>\n<h2>\u00c9dition 2014, HEC Montr\u00e9al (Canada), les 27 et 28 novembre 2014<\/h2>\n<p>\u00ab Le gestionnaire public en question &#8211; La difficile conciliation des logiques bureaucratiques et manag\u00e9riales \u00bb<\/p>\n<p><a href=\"https:\/\/www.hec.ca\/\">HEC Montr\u00e9al<\/a>, Canada<\/p>\n<p>Publications scientifiques s\u00e9lectionn\u00e9es des travaux pr\u00e9sent\u00e9s au Symposium : Revue Fran\u00e7aise de gestion <a href=\"https:\/\/rfg.revuesonline.com\/component\/issues\/#year_2015\">N\u00b0 250 et 251<\/a><\/p>\n<h2>\u00c9dition 2013, Luxembourg (Luxembourg), les 21 et 22 novembre 2013<\/h2>\n<p>\u00ab La gestion strat\u00e9gique des administrations publiques \u00e0 l\u2019aune des objectifs et r\u00e9sultats de performance publique \u00bb<\/p>\n<p><a href=\"https:\/\/www.list.lu\/\">Centre de Recherche Public Henri Tudor &#8211; Luxembourg Institute of Science and Technology<\/a>, Luxembourg<\/p>\n<p>Publications scientifiques s\u00e9lectionn\u00e9es des travaux pr\u00e9sent\u00e9s au Symposium : Revue internationale des sciences administratives(Volume 82 Num\u00e9ro 3, disponible d\u00e8s sept 2016)<\/p>\n<h2>\u00c9dition 2012, Qu\u00e9bec (Canada), les 15 et 16 novembre 2012<\/h2>\n<p>\u00ab Gestion des interfaces politico-administrative \u00e0 l\u2019aune des indicateurs de performance publiques \u00bb<\/p>\n<p>L&#8217;<a href=\"https:\/\/www.enap.ca\/\">ENAP<\/a>, R\u00e9seau de l&#8217;Universit\u00e9 du Qu\u00e9bec, Qu\u00e9bec (Canada)<\/p>\n<p><a href=\"http:\/\/www.symposium-rctgop.enap.ca\/1\/Symposium_Accueil.enap\">Site Web du Symposium 2012<\/a><\/p>\n<p>Publications scientifiques s\u00e9lectionn\u00e9es des travaux pr\u00e9sent\u00e9s au Symposium :\u00a0<a href=\"http:\/\/pmp.revues.org\/\">Politique et Management Public<\/a><\/p>\n<h2>\u00c9dition 2011, Saint-Denis (La R\u00e9union), les 17 et 18 novembre 2011<\/h2>\n<p>\u00ab D\u00e9viances organisationnelles et gestion de la performance publique \u00bb<\/p>\n<p>IAE-Universit\u00e9 de La R\u00e9union, Oc\u00e9anie<\/p>\n<p>Publications scientifiques s\u00e9lectionn\u00e9es des travaux pr\u00e9sent\u00e9s au Symposium : Management international (MI),\u00a0<a href=\"http:\/\/www.managementinternational.ca\/catalog\/\">Vol. 16, N\u00b0 1, 2012<\/a>.<\/p>\n<h2>\u00c9dition 2010, Saint-Quentin-en-Yvelines (France), le 17 d\u00e9cembre 2010<\/h2>\n<p>\u00c9dition 2010, Saint-Quentin-en-Yvelines (France), le 17 d\u00e9cembre 2010<\/p>\n<p>\u00ab \u00c9thique et performance en Management public \u00bb<\/p>\n<p>ISM, Universit\u00e9 de Versailles \u00e0 Saint-Quentin-en-Yvelines, France<\/p>\n<p>Publications scientifiques s\u00e9lectionn\u00e9es des travaux pr\u00e9sent\u00e9s au Symposium : <a href=\"http:\/\/www.cairn.info\/revue-francaise-d-administration-publique-2011-4.htm\">Revue fran\u00e7aise d&#8217;administration publique<\/a>, N\u00b0 140, \u00e9t\u00e9 2011.<\/p>\n<h2>\u00c9dition 2009, Strasbourg (France), le 9 juin 2009<\/h2>\n<p>\u00ab Les aspects pratiques des partenariats public-priv\u00e9 : Enjeux, d\u00e9fis et risques de gestion \u00bb<\/p>\n<p>CERA de l&#8217;ENA de France, Strasbourg<\/p>\n<p>Publications scientifiques s\u00e9lectionn\u00e9es des travaux pr\u00e9sent\u00e9s au Symposium :\u00a0<a href=\"http:\/\/www.cairn.info\/revue-francaise-d-administration-publique-2009-2.htm\">Revue fran\u00e7aise d&#8217;administration publique<\/a>, N\u00b0 130, \u00e9t\u00e9 2009.<\/p>\n","protected":false},"excerpt":{"rendered":"<p>A direct access to each past edition of the international symposium is available in this section. Edition 2020, Institut Sup\u00e9rieur de Commerce et d\u2019Administration des Entreprises de Rabat (Maroc) &#8211; 3 et 4 juin 2021 \u00ab Effets des r\u00e9formes administratives engag\u00e9es depuis 1976 sur la gouvernance des organisations de l\u2019\u00c9tat \u00bb. Institut Sup\u00e9rieur de Commerce [&hellip;]<\/p>\n","protected":false},"author":1,"featured_media":0,"parent":33,"menu_order":0,"comment_status":"closed","ping_status":"closed","template":"","meta":{"_acf_changed":false,"inline_featured_image":false,"footnotes":""},"class_list":["post-19","page","type-page","status-publish","hentry"],"acf":[],"yoast_head":"<!-- This site is optimized with the Yoast SEO plugin v27.4 - https:\/\/yoast.com\/product\/yoast-seo-wordpress\/ -->\n<title>Past Editions | Symposium<\/title>\n<meta name=\"robots\" content=\"index, follow, max-snippet:-1, max-image-preview:large, max-video-preview:-1\" \/>\n<link rel=\"canonical\" href=\"https:\/\/www.symposium-managementpublic.com\/en\/about\/past-editions\/\" \/>\n<meta name=\"twitter:card\" content=\"summary_large_image\" \/>\n<meta name=\"twitter:title\" content=\"Past Editions | Symposium\" \/>\n<meta name=\"twitter:description\" content=\"A direct access to each past edition of the international symposium is available in this section. Edition 2020, Institut Sup\u00e9rieur de Commerce et d\u2019Administration des Entreprises de Rabat (Maroc) &#8211; 3 et 4 juin 2021 \u00ab Effets des r\u00e9formes administratives engag\u00e9es depuis 1976 sur la gouvernance des organisations de l\u2019\u00c9tat \u00bb. Institut Sup\u00e9rieur de Commerce [&hellip;]\" \/>\n<script type=\"application\/ld+json\" class=\"yoast-schema-graph\">{\"@context\":\"https:\\\/\\\/schema.org\",\"@graph\":[{\"@type\":\"WebPage\",\"@id\":\"https:\\\/\\\/www.symposium-managementpublic.com\\\/en\\\/about\\\/past-editions\\\/\",\"url\":\"https:\\\/\\\/www.symposium-managementpublic.com\\\/en\\\/about\\\/past-editions\\\/\",\"name\":\"Past Editions | Symposium\",\"isPartOf\":{\"@id\":\"https:\\\/\\\/www.symposium-managementpublic.com\\\/en\\\/#website\"},\"datePublished\":\"2023-01-03T21:52:01+00:00\",\"dateModified\":\"2024-03-13T20:38:04+00:00\",\"breadcrumb\":{\"@id\":\"https:\\\/\\\/www.symposium-managementpublic.com\\\/en\\\/about\\\/past-editions\\\/#breadcrumb\"},\"inLanguage\":\"en-US\",\"potentialAction\":[{\"@type\":\"ReadAction\",\"target\":[\"https:\\\/\\\/www.symposium-managementpublic.com\\\/en\\\/about\\\/past-editions\\\/\"]}]},{\"@type\":\"BreadcrumbList\",\"@id\":\"https:\\\/\\\/www.symposium-managementpublic.com\\\/en\\\/about\\\/past-editions\\\/#breadcrumb\",\"itemListElement\":[{\"@type\":\"ListItem\",\"position\":1,\"name\":\"Home\",\"item\":\"https:\\\/\\\/www.symposium-managementpublic.com\\\/en\\\/\"},{\"@type\":\"ListItem\",\"position\":2,\"name\":\"About\",\"item\":\"https:\\\/\\\/www.symposium-managementpublic.com\\\/en\\\/about\\\/\"},{\"@type\":\"ListItem\",\"position\":3,\"name\":\"Past Editions\"}]},{\"@type\":\"WebSite\",\"@id\":\"https:\\\/\\\/www.symposium-managementpublic.com\\\/en\\\/#website\",\"url\":\"https:\\\/\\\/www.symposium-managementpublic.com\\\/en\\\/\",\"name\":\"Symposium\",\"description\":\"\",\"publisher\":{\"@id\":\"https:\\\/\\\/www.symposium-managementpublic.com\\\/en\\\/#organization\"},\"potentialAction\":[{\"@type\":\"SearchAction\",\"target\":{\"@type\":\"EntryPoint\",\"urlTemplate\":\"https:\\\/\\\/www.symposium-managementpublic.com\\\/en\\\/?s={search_term_string}\"},\"query-input\":{\"@type\":\"PropertyValueSpecification\",\"valueRequired\":true,\"valueName\":\"search_term_string\"}}],\"inLanguage\":\"en-US\"},{\"@type\":\"Organization\",\"@id\":\"https:\\\/\\\/www.symposium-managementpublic.com\\\/en\\\/#organization\",\"name\":\"Symposium\",\"url\":\"https:\\\/\\\/www.symposium-managementpublic.com\\\/en\\\/\",\"logo\":{\"@type\":\"ImageObject\",\"inLanguage\":\"en-US\",\"@id\":\"https:\\\/\\\/www.symposium-managementpublic.com\\\/en\\\/#\\\/schema\\\/logo\\\/image\\\/\",\"url\":\"https:\\\/\\\/www.symposium-managementpublic.com\\\/wp-content\\\/uploads\\\/2023\\\/05\\\/cropped-cropped-ImageLogoENAP.jpg\",\"contentUrl\":\"https:\\\/\\\/www.symposium-managementpublic.com\\\/wp-content\\\/uploads\\\/2023\\\/05\\\/cropped-cropped-ImageLogoENAP.jpg\",\"width\":408,\"height\":83,\"caption\":\"Symposium \"},\"image\":{\"@id\":\"https:\\\/\\\/www.symposium-managementpublic.com\\\/en\\\/#\\\/schema\\\/logo\\\/image\\\/\"}}]}<\/script>\n<!-- \/ Yoast SEO plugin. -->","yoast_head_json":{"title":"Past Editions | Symposium","robots":{"index":"index","follow":"follow","max-snippet":"max-snippet:-1","max-image-preview":"max-image-preview:large","max-video-preview":"max-video-preview:-1"},"canonical":"https:\/\/www.symposium-managementpublic.com\/en\/about\/past-editions\/","twitter_card":"summary_large_image","twitter_title":"Past Editions | Symposium","twitter_description":"A direct access to each past edition of the international symposium is available in this section. Edition 2020, Institut Sup\u00e9rieur de Commerce et d\u2019Administration des Entreprises de Rabat (Maroc) &#8211; 3 et 4 juin 2021 \u00ab Effets des r\u00e9formes administratives engag\u00e9es depuis 1976 sur la gouvernance des organisations de l\u2019\u00c9tat \u00bb. Institut Sup\u00e9rieur de Commerce [&hellip;]","schema":{"@context":"https:\/\/schema.org","@graph":[{"@type":"WebPage","@id":"https:\/\/www.symposium-managementpublic.com\/en\/about\/past-editions\/","url":"https:\/\/www.symposium-managementpublic.com\/en\/about\/past-editions\/","name":"Past Editions | Symposium","isPartOf":{"@id":"https:\/\/www.symposium-managementpublic.com\/en\/#website"},"datePublished":"2023-01-03T21:52:01+00:00","dateModified":"2024-03-13T20:38:04+00:00","breadcrumb":{"@id":"https:\/\/www.symposium-managementpublic.com\/en\/about\/past-editions\/#breadcrumb"},"inLanguage":"en-US","potentialAction":[{"@type":"ReadAction","target":["https:\/\/www.symposium-managementpublic.com\/en\/about\/past-editions\/"]}]},{"@type":"BreadcrumbList","@id":"https:\/\/www.symposium-managementpublic.com\/en\/about\/past-editions\/#breadcrumb","itemListElement":[{"@type":"ListItem","position":1,"name":"Home","item":"https:\/\/www.symposium-managementpublic.com\/en\/"},{"@type":"ListItem","position":2,"name":"About","item":"https:\/\/www.symposium-managementpublic.com\/en\/about\/"},{"@type":"ListItem","position":3,"name":"Past Editions"}]},{"@type":"WebSite","@id":"https:\/\/www.symposium-managementpublic.com\/en\/#website","url":"https:\/\/www.symposium-managementpublic.com\/en\/","name":"Symposium","description":"","publisher":{"@id":"https:\/\/www.symposium-managementpublic.com\/en\/#organization"},"potentialAction":[{"@type":"SearchAction","target":{"@type":"EntryPoint","urlTemplate":"https:\/\/www.symposium-managementpublic.com\/en\/?s={search_term_string}"},"query-input":{"@type":"PropertyValueSpecification","valueRequired":true,"valueName":"search_term_string"}}],"inLanguage":"en-US"},{"@type":"Organization","@id":"https:\/\/www.symposium-managementpublic.com\/en\/#organization","name":"Symposium","url":"https:\/\/www.symposium-managementpublic.com\/en\/","logo":{"@type":"ImageObject","inLanguage":"en-US","@id":"https:\/\/www.symposium-managementpublic.com\/en\/#\/schema\/logo\/image\/","url":"https:\/\/www.symposium-managementpublic.com\/wp-content\/uploads\/2023\/05\/cropped-cropped-ImageLogoENAP.jpg","contentUrl":"https:\/\/www.symposium-managementpublic.com\/wp-content\/uploads\/2023\/05\/cropped-cropped-ImageLogoENAP.jpg","width":408,"height":83,"caption":"Symposium "},"image":{"@id":"https:\/\/www.symposium-managementpublic.com\/en\/#\/schema\/logo\/image\/"}}]}},"_links":{"self":[{"href":"https:\/\/www.symposium-managementpublic.com\/en\/wp-json\/wp\/v2\/pages\/19","targetHints":{"allow":["GET"]}}],"collection":[{"href":"https:\/\/www.symposium-managementpublic.com\/en\/wp-json\/wp\/v2\/pages"}],"about":[{"href":"https:\/\/www.symposium-managementpublic.com\/en\/wp-json\/wp\/v2\/types\/page"}],"author":[{"embeddable":true,"href":"https:\/\/www.symposium-managementpublic.com\/en\/wp-json\/wp\/v2\/users\/1"}],"replies":[{"embeddable":true,"href":"https:\/\/www.symposium-managementpublic.com\/en\/wp-json\/wp\/v2\/comments?post=19"}],"version-history":[{"count":9,"href":"https:\/\/www.symposium-managementpublic.com\/en\/wp-json\/wp\/v2\/pages\/19\/revisions"}],"predecessor-version":[{"id":309,"href":"https:\/\/www.symposium-managementpublic.com\/en\/wp-json\/wp\/v2\/pages\/19\/revisions\/309"}],"up":[{"embeddable":true,"href":"https:\/\/www.symposium-managementpublic.com\/en\/wp-json\/wp\/v2\/pages\/33"}],"wp:attachment":[{"href":"https:\/\/www.symposium-managementpublic.com\/en\/wp-json\/wp\/v2\/media?parent=19"}],"curies":[{"name":"wp","href":"https:\/\/api.w.org\/{rel}","templated":true}]}}